{"id":439,"date":"2024-05-02T11:13:45","date_gmt":"2024-05-02T11:13:45","guid":{"rendered":"https:\/\/chromakairos.com\/?page_id=439"},"modified":"2024-10-29T07:21:37","modified_gmt":"2024-10-29T07:21:37","slug":"guide-does-my-phone-have-nfc","status":"publish","type":"page","link":"https:\/\/chromakairos.com\/it\/faq\/guide-does-my-phone-have-nfc\/","title":{"rendered":"Guide: Does my phone have NFC?"},"content":{"rendered":"<div class=\"et_pb_section_0 et_pb_section et_section_regular et_flex_section\"><div class=\"et_pb_row_0 et_pb_row et_flex_row\"><div class=\"et_pb_column_0 et_pb_column et-last-child et_flex_column_24_24 et_flex_column et_pb_css_mix_blend_mode_passthrough\"><div class=\"et_pb_text_0 et_pb_text et_pb_bg_layout_light et_pb_module preset--module--divi-text--default\"><div class=\"et_pb_text_inner\"><h1 style=\"text-align: center;\">Does my phone have NFC?<\/h1>\n<\/div><\/div><div class=\"et_pb_text_1 et_pb_text et_pb_bg_layout_light et_pb_module preset--module--divi-text--default\"><div class=\"et_pb_text_inner\"><p style=\"text-align: center;\">Questa guida vi spiega come verificare se il vostro telefono \u00e8 dotato di NFC. Potete anche provare a chiedere a <span class=\"chromastone\">MOBI<\/span>, il nostro bot di assistenza!<\/p>\n<\/div><\/div><div class=\"et_pb_code_0 et_pb_code et_pb_module\"><\/div><\/div><\/div><div class=\"et_pb_row_1 et_pb_row et_flex_row\"><div class=\"et_pb_column_1 et_pb_column et_flex_column_24_24 et_flex_column et_pb_css_mix_blend_mode_passthrough et_clickable\"><div class=\"et_pb_text_2 et_pb_text et_pb_bg_layout_light et_pb_module preset--module--divi-text--default\"><div class=\"et_pb_text_inner\"><h2 style=\"text-align: center;\">Android<\/h2>\n<\/div><\/div><\/div><div class=\"et_pb_column_2 et_pb_column et-last-child et_flex_column_24_24 et_flex_column et_pb_css_mix_blend_mode_passthrough et_clickable\"><div class=\"et_pb_text_3 et_pb_text et_pb_bg_layout_light et_clickable et_pb_module preset--module--divi-text--default\"><div class=\"et_pb_text_inner\"><h2 style=\"text-align: center;\">iPhone<\/h2>\n<\/div><\/div><\/div><\/div><\/div><div class=\"et_pb_section_1 et_pb_section et_section_regular et_flex_section\" id=\"android\"><div class=\"et_pb_row_2 et_pb_row et_flex_row\"><div class=\"et_pb_column_3 et_pb_column et-last-child et_flex_column_24_24 et_flex_column et_pb_css_mix_blend_mode_passthrough\"><div class=\"et_pb_text_4 et_pb_text et_pb_bg_layout_light et_pb_module preset--module--divi-text--b02d3c16-6f2d-4d32-ad57-5b841cb4e400\"><div class=\"et_pb_text_inner\"><h1 style=\"text-align: center;\">Come utilizzare l'NFC<\/h1>\n<\/div><\/div><div class=\"et_pb_text_5 et_pb_text et_pb_bg_layout_light et_pb_module preset--module--divi-text--b02d3c16-6f2d-4d32-ad57-5b841cb4e400\"><div class=\"et_pb_text_inner\"><h2>Dispositivi Android<\/h2>\n<\/div><\/div><\/div><\/div><div class=\"et_pb_row_3 et_pb_row et_flex_row\"><div class=\"et_pb_column_4 et_pb_column et_flex_column_24_24 et_flex_column et_pb_css_mix_blend_mode_passthrough\"><div class=\"et_pb_image_0 et_pb_image et_pb_module\"><span class=\"et_pb_image_wrap\"><img loading=\"lazy\" decoding=\"async\" src=\"http:\/\/chromakairos.com\/wp-content\/uploads\/2024\/04\/android.png\" title=\"android\" width=\"625\" height=\"804\" srcset=\"http:\/\/chromakairos.com\/wp-content\/uploads\/2024\/04\/android.png 625w, http:\/\/chromakairos.com\/wp-content\/uploads\/2024\/04\/android-480x617.png 480w\" sizes=\"(min-width: 0px) and (max-width: 480px) 480px, (min-width: 481px) 625px, 100vw\" class=\"wp-image-564\" \/><\/span><\/div><\/div><div class=\"et_pb_column_5 et_pb_column et-last-child et_flex_column_24_24 et_flex_column et_pb_css_mix_blend_mode_passthrough\"><div class=\"et_pb_text_6 et_pb_text et_pb_bg_layout_light et_pb_module preset--module--divi-text--b02d3c16-6f2d-4d32-ad57-5b841cb4e400\"><div class=\"et_pb_text_inner\"><p>Nei telefoni Android, il lettore NFC pu\u00f2 trovarsi in qualsiasi punto della parte superiore, centrale o inferiore del telefono. La maggior parte dei produttori non indica la posizione esatta, quindi la prima volta \u00e8 necessario procedere per tentativi.<\/p>\n<p>The good news is that most Android phones do have NFC functionality capable of background scanning, which is what you&#8217;ll need to read <span class=\"chromastone ink\">chromastones<\/span> + <span class=\"chromaportal ink\">chromaportals<\/span>. Per verificare se il telefono \u00e8 dotato di NFC o per attivare\/disattivare l'NFC, procedere come segue:<span><\/span><\/p>\n<\/div><\/div><div class=\"et_pb_text_7 et_pb_text et_pb_bg_layout_light et_pb_module preset--module--divi-text--b02d3c16-6f2d-4d32-ad57-5b841cb4e400\"><div class=\"et_pb_text_inner\"><ol>\n<li>\n<h3>Aprire l'app Impostazioni<\/h3>\n<\/li>\n<li>\n<h3>Eseguite una ricerca per \"NFC\"<\/h3>\n<p>Si consiglia di effettuare una ricerca perch\u00e9, a seconda del modello di telefono, la funzionalit\u00e0 NFC potrebbe trovarsi in una di queste sezioni: \"Bluetooth e dispositivi\", \"Dispositivi connessi\", \"Connessione e condivisione\" o altre.<\/li>\n<li>\n<h3>Si spunta un'opzione \"NFC\"?<\/h3>\n<p>Se appare l'opzione NFC, il telefono \u00e8 in grado di leggere e scrivere tag NFC! Attiva l'opzione se non lo \u00e8 gi\u00e0.<\/li>\n<\/ol>\n<\/div><\/div><\/div><\/div><div class=\"et_pb_row_4 et_pb_row et_flex_row\"><div class=\"et_pb_column_6 et_pb_column et-last-child et_flex_column_24_24 et_flex_column et_pb_css_mix_blend_mode_passthrough\"><div class=\"et_pb_text_8 et_pb_text et_pb_bg_layout_light et_pb_module preset--module--divi-text--b02d3c16-6f2d-4d32-ad57-5b841cb4e400\"><div class=\"et_pb_text_inner\"><p>Alcuni telefoni includono l'NFC nel menu rapido in cima allo schermo. Se il vostro lo prevede, probabilmente apparir\u00e0 come il seguente simbolo. Ma se non vedete questa icona, non scoraggiatevi. Molti telefoni dispongono della funzionalit\u00e0 NFC pur non avendo questa scorciatoia. Il modo migliore per verificare se il telefono \u00e8 dotato di NFC \u00e8 attraverso le Impostazioni, come descritto sopra.<\/p>\n<p>Finch\u00e9 l'NFC \u00e8 attivo, \u00e8 possibile eseguire la scansione di tag NFC, compreso <span class=\"chromastone ink\">chromastones<\/span> e <span class=\"chromaportal ink\">chromaportals<\/span>. If it&#8217;s your first time, try touching the back of your phone to an NFC tag and slide it in various locations to find out exactly where your NFC reader is located. Once you&#8217;ve identified the position, this is where you should always aim to scan NFC objects.<\/p>\n<\/div><\/div><\/div><\/div><\/div><div class=\"et_pb_section_2 et_pb_section et_section_regular et_flex_section\" id=\"iphone\"><div class=\"et_pb_row_5 et_pb_row et_flex_row\"><div class=\"et_pb_column_7 et_pb_column et-last-child et_flex_column_24_24 et_flex_column et_pb_css_mix_blend_mode_passthrough\"><div class=\"et_pb_text_9 et_pb_text et_pb_bg_layout_light et_pb_module preset--module--divi-text--b02d3c16-6f2d-4d32-ad57-5b841cb4e400\"><div class=\"et_pb_text_inner\"><h1 style=\"text-align: center;\">Come utilizzare l'NFC<\/h1>\n<\/div><\/div><div class=\"et_pb_text_10 et_pb_text et_pb_bg_layout_light et_pb_module preset--module--divi-text--b02d3c16-6f2d-4d32-ad57-5b841cb4e400\"><div class=\"et_pb_text_inner\"><h2>Apple iPhone<\/h2>\n<\/div><\/div><\/div><\/div><div class=\"et_pb_row_6 et_pb_row et_flex_row\"><div class=\"et_pb_column_8 et_pb_column et_flex_column_24_24 et_flex_column et_pb_css_mix_blend_mode_passthrough\"><div class=\"et_pb_text_11 et_pb_text et_pb_bg_layout_light et_pb_module preset--module--divi-text--b02d3c16-6f2d-4d32-ad57-5b841cb4e400\"><div class=\"et_pb_text_inner\"><h3>\u00c8 dotato di NFC il mio iPhone?<\/h3>\n<\/div><\/div><div class=\"et_pb_text_12 et_pb_text et_pb_bg_layout_light et_pb_module preset--module--divi-text--b02d3c16-6f2d-4d32-ad57-5b841cb4e400\"><div class=\"et_pb_text_inner\"><p>Tutti gli iPhone rilasciati dal 2018 in poi sono dotati di funzionalit\u00e0 NFC, tra cui la possibilit\u00e0 di leggere i chip NFC \"in background\" senza dover prima aprire un'applicazione speciale. Ci\u00f2 significa che \u00e8 possibile utilizzare l'NFC se si possiede un iPhone XR o un iPhone XS, oltre a qualsiasi telefono a partire dall'iPhone 11.<\/p>\n<p>Alcuni telefoni precedenti, tra cui l'iPhone 7, dispongono di un lettore NFC, ma pu\u00f2 essere utilizzato solo aprendo prima un'applicazione dedicata. Questo significa che non \u00e8 molto utile per creare i rituali personali e i momenti condivisibili per cui <span class=\"chromastone ink\">chromastones<\/span> e <span class=\"chromaportal ink\">chromaportals<\/span> sono stati ideati.<\/p>\n<p>Attualmente nessun iPad dispone della funzionalit\u00e0 NFC.<\/p>\n<\/div><\/div><div class=\"et_pb_text_13 et_pb_text et_pb_bg_layout_light et_pb_module preset--module--divi-text--b02d3c16-6f2d-4d32-ad57-5b841cb4e400\"><div class=\"et_pb_text_inner\"><h3>Come scansionare i tag NFC<\/h3>\n<\/div><\/div><div class=\"et_pb_text_14 et_pb_text et_pb_bg_layout_light et_pb_module preset--module--divi-text--b02d3c16-6f2d-4d32-ad57-5b841cb4e400\"><div class=\"et_pb_text_inner\"><p>Finch\u00e9 l'NFC \u00e8 attivo, \u00e8 possibile eseguire la scansione di tag NFC, compresi i chromastones e i chromaportals. L'area di scansione per gli iPhone si trova lungo il bordo superiore posteriore del telefono. La posizione esatta (sinistra, destra o centro) pu\u00f2 variare. Se \u00e8 la prima volta, provate a toccare il bordo posteriore superiore del telefono al centro del tag NFC e fatelo scorrere in varie posizioni per capire dove si trova esattamente il lettore NFC.<\/p>\n<\/div><\/div><\/div><div class=\"et_pb_column_9 et_pb_column et-last-child et_flex_column_24_24 et_flex_column et_pb_css_mix_blend_mode_passthrough\"><div class=\"et_pb_image_1 et_pb_image et_pb_module\"><span class=\"et_pb_image_wrap\"><img loading=\"lazy\" decoding=\"async\" src=\"http:\/\/chromakairos.com\/wp-content\/uploads\/2024\/04\/iphone.png\" title=\"iphone\" width=\"658\" height=\"991\" srcset=\"http:\/\/chromakairos.com\/wp-content\/uploads\/2024\/04\/iphone.png 658w, http:\/\/chromakairos.com\/wp-content\/uploads\/2024\/04\/iphone-480x723.png 480w\" sizes=\"(min-width: 0px) and (max-width: 480px) 480px, (min-width: 481px) 658px, 100vw\" class=\"wp-image-563\" \/><\/span><\/div><\/div><\/div><\/div>","protected":false},"excerpt":{"rendered":"<p>This guide walks you through how to check whether your phone has NFC, for both Android and iPhone.<\/p>","protected":false},"author":1,"featured_media":0,"parent":364,"menu_order":0,"comment_status":"closed","ping_status":"closed","template":"","meta":{"_acf_changed":false,"footnotes":"","_links_to":"","_links_to_target":""},"class_list":["post-439","page","type-page","status-publish","hentry"],"acf":[],"aioseo_notices":[],"_links":{"self":[{"href":"https:\/\/chromakairos.com\/it\/wp-json\/wp\/v2\/pages\/439","targetHints":{"allow":["GET"]}}],"collection":[{"href":"https:\/\/chromakairos.com\/it\/wp-json\/wp\/v2\/pages"}],"about":[{"href":"https:\/\/chromakairos.com\/it\/wp-json\/wp\/v2\/types\/page"}],"author":[{"embeddable":true,"href":"https:\/\/chromakairos.com\/it\/wp-json\/wp\/v2\/users\/1"}],"replies":[{"embeddable":true,"href":"https:\/\/chromakairos.com\/it\/wp-json\/wp\/v2\/comments?post=439"}],"version-history":[{"count":30,"href":"https:\/\/chromakairos.com\/it\/wp-json\/wp\/v2\/pages\/439\/revisions"}],"predecessor-version":[{"id":1459,"href":"https:\/\/chromakairos.com\/it\/wp-json\/wp\/v2\/pages\/439\/revisions\/1459"}],"up":[{"embeddable":true,"href":"https:\/\/chromakairos.com\/it\/wp-json\/wp\/v2\/pages\/364"}],"wp:attachment":[{"href":"https:\/\/chromakairos.com\/it\/wp-json\/wp\/v2\/media?parent=439"}],"curies":[{"name":"wp","href":"https:\/\/api.w.org\/{rel}","templated":true}]}}